
{"id":10267,"date":"2019-10-22T10:34:19","date_gmt":"2019-10-22T08:34:19","guid":{"rendered":"https:\/\/www.viadellaspiga.info\/case-di-lusso-a-londra\/"},"modified":"2022-04-20T18:54:47","modified_gmt":"2022-04-20T16:54:47","slug":"case-di-lusso-a-londra","status":"publish","type":"page","link":"https:\/\/www.viadellaspiga.info\/en\/case-di-lusso-a-londra\/","title":{"rendered":"Case di lusso a Londra"},"content":{"rendered":"<p>Via della Spiga Wonderful Houses propone un&#8217;esclusiva selezione di <strong> case di lusso a Londra<\/strong>. Immobili e appartamenti di pregio nelle zone pi\u00f9 cool <a href=\"https:\/\/www.viadellaspiga.info\/localita\/londra\/\">di Londra<\/a>, capitale del Regno Unito e una delle maggiori metropoli d&#8217;Europa.<br \/>\nDa Marylebone, a pochi passi da Oxford Street, fino a Thornton Heath nella storica contea del Surrey, Maurizia Serra e il team di Via della Spiga Wonderful Houses selezionano case di lusso a Londra nei quartieri pi\u00f9 prestigiosi della <a href=\"https:\/\/it.wikipedia.org\/wiki\/Londra\">City<\/a>.<\/p>\n<p>Londra \u00e8 una citt\u00e0 dall&#8217;identit\u00e0 unica e affascinante: \u00e8 sede di numerose istituzioni, organizzazioni e societ\u00e0 internazionali, ma anche una destinazione interessante per i privati che scelgono di investire in una seconda casa.<br \/>\nMetropoli dalle mille sfaccettature, Londra ha il fascino di una storia secolare e l&#8217;energia di una citt\u00e0 giovane in costante evoluzione. Cultura, moda, divertimento ma anche multiculturalit\u00e0: i suoi oltre 8 milioni d&#8217;abitanti rappresentano complessivamente 270 nazionalit\u00e0 e parlano nientemeno che 300 lingue diverse.<br \/>\nLondra \u00e8 l&#8217;Abbazia di Westminster, il Maritime Greenwich o la Torre di Londra, \u00e8 attrazioni all&#8217;avanguardia come il London Eye&#8230; ma \u00e8 anche la quiete degli 8 parchi reali.<br \/>\nIn un&#8217;unica citt\u00e0 quartieri dall&#8217;atmosfera di un villaggio con ristoranti, boutique e mercatini come Hampstead, Greenwich, Barnes, Highgate, Wimbledon e Richmond si alternano ad aree pi\u00f9 alternative come Brixton e Dalston. Insomma, che siate appassionati di storia o di architettura, che amiate fare shopping o passeggiare all&#8217;aria aperta, che siate tipi da villaggio o da quartieri alternativi la City \u00e8 il luogo che fa per voi!<\/p>\n<p>Qualsiasi zona scegliate per il vostro immobile di pregio a Londra, visitate il nostro sito. Potrete trovare la migliore selezione di case nelle aree pi\u00f9 pi\u00f9 belle ed esclusive e per qualsiasi destinazione: residenziale, commerciale, turistica o alberghiera.<\/p>\n<h6 style=\"color:black;font-weigth:normal;\">Oppure chiamateci o venite nei nostri uffici in via T. Salvini, 10 a Milano. Il team di Via della Spiga Wonderful Houses vi seguir\u00e0 in una ricerca personalizzata e nella pi\u00f9 totale riservatezza.<\/h6>\n","protected":false},"excerpt":{"rendered":"<p>Via della Spiga Wonderful Houses propone un&#8217;esclusiva selezione di case di lusso a Londra. Immobili e appartamenti di pregio nelle zone pi\u00f9 cool di Londra, capitale del Regno Unito e una delle maggiori metropoli d&#8217;Europa. Da Marylebone, a pochi passi da Oxford Street, fino a Thornton Heath nella storica contea del Surrey, Maurizia Serra e [&hellip;]<\/p>\n","protected":false},"author":4,"featured_media":0,"parent":0,"menu_order":39,"comment_status":"closed","ping_status":"closed","template":"template-localita.php","meta":{"footnotes":""},"class_list":["post-10267","page","type-page","status-publish","hentry"],"yoast_head":"<!-- This site is optimized with the Yoast SEO plugin v27.4 - https:\/\/yoast.com\/product\/yoast-seo-wordpress\/ -->\n<title>Case di lusso a Londra - Via della Spiga Wonderful Houses<\/title>\n<meta name=\"description\" content=\"Via della Spiga propone un&#039;esclusiva selezione di case di lusso a Londra, appartamenti e immobili di pregio nella metropoli del Regno Unito.\" \/>\n<meta name=\"robots\" content=\"index, follow, max-snippet:-1, max-image-preview:large, max-video-preview:-1\" \/>\n<link rel=\"canonical\" href=\"https:\/\/www.viadellaspiga.info\/case-di-lusso-a-londra\/\" \/>\n<meta property=\"og:locale\" content=\"en_US\" \/>\n<meta property=\"og:type\" content=\"article\" \/>\n<meta property=\"og:title\" content=\"Via della Spiga Wonderful London\" \/>\n<meta property=\"og:description\" content=\"Via della Spiga Wonderful Houses propone un&#039;esclusiva selezione di case di lusso, appartamenti e immobili di pregio nelle zone pi\u00f9 cool della City. Scoprile qui!\" \/>\n<meta property=\"og:url\" content=\"https:\/\/www.viadellaspiga.info\/case-di-lusso-a-londra\/\" \/>\n<meta property=\"og:site_name\" content=\"via della spiga wonderful house\" \/>\n<meta property=\"article:publisher\" content=\"https:\/\/www.facebook.com\/immobiliare.via.della.spiga\/\" \/>\n<meta property=\"article:modified_time\" content=\"2022-04-20T16:54:47+00:00\" \/>\n<meta property=\"og:image\" content=\"https:\/\/www.viadellaspiga.info\/wp-content\/uploads\/2019\/10\/Case-di-lusso-a-Londra-Via-della-Spiga-Wonderful-Houses.jpg\" \/>\n\t<meta property=\"og:image:width\" content=\"1920\" \/>\n\t<meta property=\"og:image:height\" content=\"1063\" \/>\n\t<meta property=\"og:image:type\" content=\"image\/jpeg\" \/>\n<meta name=\"twitter:card\" content=\"summary_large_image\" \/>\n<meta name=\"twitter:label1\" content=\"Est. reading time\" \/>\n\t<meta name=\"twitter:data1\" content=\"2 minutes\" \/>\n<script type=\"application\/ld+json\" class=\"yoast-schema-graph\">{\"@context\":\"https:\\\/\\\/schema.org\",\"@graph\":[{\"@type\":\"WebPage\",\"@id\":\"https:\\\/\\\/www.viadellaspiga.info\\\/case-di-lusso-a-londra\\\/\",\"url\":\"https:\\\/\\\/www.viadellaspiga.info\\\/case-di-lusso-a-londra\\\/\",\"name\":\"Case di lusso a Londra - Via della Spiga Wonderful Houses\",\"isPartOf\":{\"@id\":\"https:\\\/\\\/www.viadellaspiga.info\\\/#website\"},\"datePublished\":\"2019-10-22T08:34:19+00:00\",\"dateModified\":\"2022-04-20T16:54:47+00:00\",\"description\":\"Via della Spiga propone un'esclusiva selezione di case di lusso a Londra, appartamenti e immobili di pregio nella metropoli del Regno Unito.\",\"breadcrumb\":{\"@id\":\"https:\\\/\\\/www.viadellaspiga.info\\\/case-di-lusso-a-londra\\\/#breadcrumb\"},\"inLanguage\":\"en-US\",\"potentialAction\":[{\"@type\":\"ReadAction\",\"target\":[\"https:\\\/\\\/www.viadellaspiga.info\\\/case-di-lusso-a-londra\\\/\"]}]},{\"@type\":\"BreadcrumbList\",\"@id\":\"https:\\\/\\\/www.viadellaspiga.info\\\/case-di-lusso-a-londra\\\/#breadcrumb\",\"itemListElement\":[{\"@type\":\"ListItem\",\"position\":1,\"name\":\"Home\",\"item\":\"https:\\\/\\\/www.viadellaspiga.info\\\/en\\\/\"},{\"@type\":\"ListItem\",\"position\":2,\"name\":\"Case di lusso a Londra\"}]},{\"@type\":\"WebSite\",\"@id\":\"https:\\\/\\\/www.viadellaspiga.info\\\/#website\",\"url\":\"https:\\\/\\\/www.viadellaspiga.info\\\/\",\"name\":\"via della spiga wonderful house\",\"description\":\"Maurizia Serra wonderful house\",\"publisher\":{\"@id\":\"https:\\\/\\\/www.viadellaspiga.info\\\/#organization\"},\"potentialAction\":[{\"@type\":\"SearchAction\",\"target\":{\"@type\":\"EntryPoint\",\"urlTemplate\":\"https:\\\/\\\/www.viadellaspiga.info\\\/?s={search_term_string}\"},\"query-input\":{\"@type\":\"PropertyValueSpecification\",\"valueRequired\":true,\"valueName\":\"search_term_string\"}}],\"inLanguage\":\"en-US\"},{\"@type\":\"Organization\",\"@id\":\"https:\\\/\\\/www.viadellaspiga.info\\\/#organization\",\"name\":\"MAURIZIA SERRA \\\/ WONDERFUL HOUSES\",\"url\":\"https:\\\/\\\/www.viadellaspiga.info\\\/\",\"logo\":{\"@type\":\"ImageObject\",\"inLanguage\":\"en-US\",\"@id\":\"https:\\\/\\\/www.viadellaspiga.info\\\/#\\\/schema\\\/logo\\\/image\\\/\",\"url\":\"https:\\\/\\\/www.viadellaspiga.info\\\/wp-content\\\/uploads\\\/2022\\\/07\\\/screenshot.png\",\"contentUrl\":\"https:\\\/\\\/www.viadellaspiga.info\\\/wp-content\\\/uploads\\\/2022\\\/07\\\/screenshot.png\",\"width\":900,\"height\":675,\"caption\":\"MAURIZIA SERRA \\\/ WONDERFUL HOUSES\"},\"image\":{\"@id\":\"https:\\\/\\\/www.viadellaspiga.info\\\/#\\\/schema\\\/logo\\\/image\\\/\"},\"sameAs\":[\"https:\\\/\\\/www.facebook.com\\\/immobiliare.via.della.spiga\\\/\",\"https:\\\/\\\/www.instagram.com\\\/viadellaspigawonderfulhouses\\\/?hl=it\"]}]}<\/script>\n<!-- \/ Yoast SEO plugin. -->","yoast_head_json":{"title":"Case di lusso a Londra - Via della Spiga Wonderful Houses","description":"Via della Spiga propone un'esclusiva selezione di case di lusso a Londra, appartamenti e immobili di pregio nella metropoli del Regno Unito.","robots":{"index":"index","follow":"follow","max-snippet":"max-snippet:-1","max-image-preview":"max-image-preview:large","max-video-preview":"max-video-preview:-1"},"canonical":"https:\/\/www.viadellaspiga.info\/case-di-lusso-a-londra\/","og_locale":"en_US","og_type":"article","og_title":"Via della Spiga Wonderful London","og_description":"Via della Spiga Wonderful Houses propone un'esclusiva selezione di case di lusso, appartamenti e immobili di pregio nelle zone pi\u00f9 cool della City. Scoprile qui!","og_url":"https:\/\/www.viadellaspiga.info\/case-di-lusso-a-londra\/","og_site_name":"via della spiga wonderful house","article_publisher":"https:\/\/www.facebook.com\/immobiliare.via.della.spiga\/","article_modified_time":"2022-04-20T16:54:47+00:00","og_image":[{"width":1920,"height":1063,"url":"https:\/\/www.viadellaspiga.info\/wp-content\/uploads\/2019\/10\/Case-di-lusso-a-Londra-Via-della-Spiga-Wonderful-Houses.jpg","type":"image\/jpeg"}],"twitter_card":"summary_large_image","twitter_misc":{"Est. reading time":"2 minutes"},"schema":{"@context":"https:\/\/schema.org","@graph":[{"@type":"WebPage","@id":"https:\/\/www.viadellaspiga.info\/case-di-lusso-a-londra\/","url":"https:\/\/www.viadellaspiga.info\/case-di-lusso-a-londra\/","name":"Case di lusso a Londra - Via della Spiga Wonderful Houses","isPartOf":{"@id":"https:\/\/www.viadellaspiga.info\/#website"},"datePublished":"2019-10-22T08:34:19+00:00","dateModified":"2022-04-20T16:54:47+00:00","description":"Via della Spiga propone un'esclusiva selezione di case di lusso a Londra, appartamenti e immobili di pregio nella metropoli del Regno Unito.","breadcrumb":{"@id":"https:\/\/www.viadellaspiga.info\/case-di-lusso-a-londra\/#breadcrumb"},"inLanguage":"en-US","potentialAction":[{"@type":"ReadAction","target":["https:\/\/www.viadellaspiga.info\/case-di-lusso-a-londra\/"]}]},{"@type":"BreadcrumbList","@id":"https:\/\/www.viadellaspiga.info\/case-di-lusso-a-londra\/#breadcrumb","itemListElement":[{"@type":"ListItem","position":1,"name":"Home","item":"https:\/\/www.viadellaspiga.info\/en\/"},{"@type":"ListItem","position":2,"name":"Case di lusso a Londra"}]},{"@type":"WebSite","@id":"https:\/\/www.viadellaspiga.info\/#website","url":"https:\/\/www.viadellaspiga.info\/","name":"via della spiga wonderful house","description":"Maurizia Serra wonderful house","publisher":{"@id":"https:\/\/www.viadellaspiga.info\/#organization"},"potentialAction":[{"@type":"SearchAction","target":{"@type":"EntryPoint","urlTemplate":"https:\/\/www.viadellaspiga.info\/?s={search_term_string}"},"query-input":{"@type":"PropertyValueSpecification","valueRequired":true,"valueName":"search_term_string"}}],"inLanguage":"en-US"},{"@type":"Organization","@id":"https:\/\/www.viadellaspiga.info\/#organization","name":"MAURIZIA SERRA \/ WONDERFUL HOUSES","url":"https:\/\/www.viadellaspiga.info\/","logo":{"@type":"ImageObject","inLanguage":"en-US","@id":"https:\/\/www.viadellaspiga.info\/#\/schema\/logo\/image\/","url":"https:\/\/www.viadellaspiga.info\/wp-content\/uploads\/2022\/07\/screenshot.png","contentUrl":"https:\/\/www.viadellaspiga.info\/wp-content\/uploads\/2022\/07\/screenshot.png","width":900,"height":675,"caption":"MAURIZIA SERRA \/ WONDERFUL HOUSES"},"image":{"@id":"https:\/\/www.viadellaspiga.info\/#\/schema\/logo\/image\/"},"sameAs":["https:\/\/www.facebook.com\/immobiliare.via.della.spiga\/","https:\/\/www.instagram.com\/viadellaspigawonderfulhouses\/?hl=it"]}]}},"_links":{"self":[{"href":"https:\/\/www.viadellaspiga.info\/en\/wp-json\/wp\/v2\/pages\/10267","targetHints":{"allow":["GET"]}}],"collection":[{"href":"https:\/\/www.viadellaspiga.info\/en\/wp-json\/wp\/v2\/pages"}],"about":[{"href":"https:\/\/www.viadellaspiga.info\/en\/wp-json\/wp\/v2\/types\/page"}],"author":[{"embeddable":true,"href":"https:\/\/www.viadellaspiga.info\/en\/wp-json\/wp\/v2\/users\/4"}],"replies":[{"embeddable":true,"href":"https:\/\/www.viadellaspiga.info\/en\/wp-json\/wp\/v2\/comments?post=10267"}],"version-history":[{"count":1,"href":"https:\/\/www.viadellaspiga.info\/en\/wp-json\/wp\/v2\/pages\/10267\/revisions"}],"predecessor-version":[{"id":10268,"href":"https:\/\/www.viadellaspiga.info\/en\/wp-json\/wp\/v2\/pages\/10267\/revisions\/10268"}],"wp:attachment":[{"href":"https:\/\/www.viadellaspiga.info\/en\/wp-json\/wp\/v2\/media?parent=10267"}],"curies":[{"name":"wp","href":"https:\/\/api.w.org\/{rel}","templated":true}]}}